{"id":1782,"date":"2020-05-06T17:41:56","date_gmt":"2020-05-06T17:41:56","guid":{"rendered":"http:\/\/www.laiamugo.com\/?page_id=1782"},"modified":"2020-08-08T15:14:37","modified_gmt":"2020-08-08T15:14:37","slug":"about","status":"publish","type":"page","link":"https:\/\/www.laiamugo.com\/index.php\/about\/","title":{"rendered":"About"},"content":{"rendered":"[vc_row thb_full_width=\u00bbtrue\u00bb thb_row_padding=\u00bbtrue\u00bb][vc_column width=\u00bb1\/2&#8243; css=\u00bb.vc_custom_1591025798665{background-image: url(http:\/\/www.laiamugo.com\/wp-content\/uploads\/2020\/06\/ld1_web.jpg?id=1893) !important;background-position: center !important;background-repeat: no-repeat !important;background-size: contain !important;}\u00bb][\/vc_column][vc_column thb_color=\u00bbthb-light-column\u00bb width=\u00bb1\/2&#8243; css=\u00bb.vc_custom_1588786499608{background-color: #000000 !important;}\u00bb][vc_column_text css=\u00bb.vc_custom_1596899666326{padding-top: 10% !important;padding-right: 7% !important;padding-bottom: 10% !important;padding-left: 7% !important;}\u00bb]\n<h6><b>Strategic design | Social innovation\u00a0<\/b><b>| Space design<\/b><\/h6>\n<h3><b>LAIA MU\u00d1OZ GOM\u00c0<span class=\"Apple-converted-space\">\u00a0<\/span><\/b><\/h3>\n<p><b>I am a designer interested in generate projects with social impact. Emphatic, analytic, self driving person, willing to learn and passionate about my work.<span class=\"Apple-converted-space\">\u00a0<\/span><\/b><\/p>\n<p>I work closely with my clients to develop and deliver innovative solutions with real integrity. I believe in a strong relationship between the strategy of a project and its precise detail.<\/p>\n<p>Living abroad made me open minded in a way that makes it easy for me to quickly adapt to changes, enjoying new challenges and tasks. I feel confident working both independently or as part of a team, in multidisciplinary and international projects.[\/vc_column_text][\/vc_column][\/vc_row][vc_row][vc_column][vc_empty_space height=\u00bb70&#8243;][\/vc_column][\/vc_row][vc_row][vc_column]\t<div id=\"thb-testimonials-65\" class=\"thb-testimonials slick \" data-columns=\"1\" data-pagination=\"true\" data-fade=\"true\">\n\t\t\t<div class=\"thb-testimonial\">\n\t\t<blockquote><p>Laia is very professional and a cross-talented person. When I worked with her I was surprised by her entrepreneurial skills, she is very analytical, knows the right question to be asked; she is also very creative: builds a strategy for a new brand or creates a new concept for a space. She is also very responsible, organised and passionate about details, which makes her someone you can trust. Also she knows who is who in design, looking always for new references. She has lived in other cultures, so she is open-minded and ready to take the next challenge\/opportunity.<\/p>\n<\/blockquote>\n\t\t<div class=\"thb-testimonial-author\">\n\t\t\t\t\t\t\t<img class=\"author_image hide \" src=\"https:\/\/www.laiamugo.com\/wp-content\/uploads\/2020\/04\/test_esther-120x120.jpg\" width=\"120\" height=\"120\" alt=\"test_esther\" title=\"test_esther\" \/>\t\t\t\t<div>\n\t\t\t\t\t<cite>Esther Rico |<\/cite>\n\t\t\t\t\t<span class=\"title\">Design &amp; Business: Retail-Branding, International clients and Lecturer &amp; Space expert<\/span>\n\t\t\t\t<\/div>\n\t\t\t\t\t<\/div>\n\t<\/div>\n\t\t<div class=\"thb-testimonial\">\n\t\t<blockquote><p>I had the opportunity to share with Laia several projects and it was great to work with her. She is a hard working, creative and positive professional always willing to help and looking for solutions.<\/p>\n<\/blockquote>\n\t\t<div class=\"thb-testimonial-author\">\n\t\t\t\t\t\t\t<img class=\"author_image hide \" src=\"https:\/\/www.laiamugo.com\/wp-content\/uploads\/2020\/06\/test_arturo-120x120.jpg\" width=\"120\" height=\"120\" alt=\"test_arturo\" title=\"test_arturo\" \/>\t\t\t\t<div>\n\t\t\t\t\t<cite>Arturo Larrainzar |<\/cite>\n\t\t\t\t\t<span class=\"title\">Atresmedia&#039;s Strategy Director<\/span>\n\t\t\t\t<\/div>\n\t\t\t\t\t<\/div>\n\t<\/div>\n\t\t<div class=\"thb-testimonial\">\n\t\t<blockquote><p>Laia es una excelente profesional, con una constancia admirable. Adem\u00e1s es muy creativa y cuidadosa con todo lo que hace.<\/p>\n<\/blockquote>\n\t\t<div class=\"thb-testimonial-author\">\n\t\t\t\t\t\t\t<img class=\"author_image hide \" src=\"https:\/\/www.laiamugo.com\/wp-content\/uploads\/2020\/04\/test_gloria-120x120.jpg\" width=\"120\" height=\"120\" alt=\"test_gloria\" title=\"test_gloria\" \/>\t\t\t\t<div>\n\t\t\t\t\t<cite>Gloria Gubianas |<\/cite>\n\t\t\t\t\t<span class=\"title\">Co-founder at Hemper Handmade - Spain Women Entrepeneur of the year 2019<\/span>\n\t\t\t\t<\/div>\n\t\t\t\t\t<\/div>\n\t<\/div>\n\t\t<div class=\"thb-testimonial\">\n\t\t<blockquote><p>Laia demostr\u00f3 una gran capacidad de comunicar de manera efectiva ideas y herramientas centradas en las personas. Logramos generar un gran equipo de trabajo por su gran organizaci\u00f3n en los talleres que impartimos; as\u00ed como una gran capacidad para relacionarse y desarrollar las actividades en tan poco tiempo de trabajo y con grandes resultados. Los emprendedores demostraron gran empat\u00eda a las ideas de Laia y las implementaron en sus negocios. Lo que llev\u00f3 a que uno de nuestros emprendedores, de entre 240 que participaron, obtuviera un apoyo econ\u00f3mico para la implementaci\u00f3n de su idea de negocio.<\/p>\n<\/blockquote>\n\t\t<div class=\"thb-testimonial-author\">\n\t\t\t\t\t\t\t<img class=\"author_image hide \" src=\"https:\/\/www.laiamugo.com\/wp-content\/uploads\/2020\/04\/test_ittai-120x120.jpg\" width=\"120\" height=\"120\" alt=\"test_ittai\" title=\"test_ittai\" \/>\t\t\t\t<div>\n\t\t\t\t\t<cite>Ittai Flores |<\/cite>\n\t\t\t\t\t<span class=\"title\">CEO &amp; Founder of E\u00f3n Plus<\/span>\n\t\t\t\t<\/div>\n\t\t\t\t\t<\/div>\n\t<\/div>\n\t\t<\/div>\n\t[\/vc_column][\/vc_row]\n","protected":false},"excerpt":{"rendered":"<p>[vc_row thb_full_width=\u00bbtrue\u00bb thb_row_padding=\u00bbtrue\u00bb][vc_column width=\u00bb1\/2&#8243; css=\u00bb.vc_custom_1591025798665{background-image: url(http:\/\/www.laiamugo.com\/wp-content\/uploads\/2020\/06\/ld1_web.jpg?id=1893) !important;background-position: center !important;background-repeat: no-repeat !important;background-size: contain !important;}\u00bb][\/vc_column][vc_column thb_color=\u00bbthb-light-column\u00bb width=\u00bb1\/2&#8243; css=\u00bb.vc_custom_1588786499608{background-color: #000000 !important;}\u00bb][vc_column_text css=\u00bb.vc_custom_1596899666326{padding-top: 10% !important;padding-right: 7% !important;padding-bottom: 10% !important;padding-left: 7% !important;}\u00bb] Strategic design | Social innovation\u00a0| Space design LAIA MU\u00d1OZ GOM\u00c0\u00a0 I am a designer interested in generate projects with social impact. Emphatic, analytic, self driving person, willing to&hellip;<\/p>\n","protected":false},"author":1,"featured_media":0,"parent":0,"menu_order":0,"comment_status":"closed","ping_status":"closed","template":"","meta":[],"_links":{"self":[{"href":"https:\/\/www.laiamugo.com\/index.php\/wp-json\/wp\/v2\/pages\/1782"}],"collection":[{"href":"https:\/\/www.laiamugo.com\/index.php\/wp-json\/wp\/v2\/pages"}],"about":[{"href":"https:\/\/www.laiamugo.com\/index.php\/wp-json\/wp\/v2\/types\/page"}],"author":[{"embeddable":true,"href":"https:\/\/www.laiamugo.com\/index.php\/wp-json\/wp\/v2\/users\/1"}],"replies":[{"embeddable":true,"href":"https:\/\/www.laiamugo.com\/index.php\/wp-json\/wp\/v2\/comments?post=1782"}],"version-history":[{"count":22,"href":"https:\/\/www.laiamugo.com\/index.php\/wp-json\/wp\/v2\/pages\/1782\/revisions"}],"predecessor-version":[{"id":1897,"href":"https:\/\/www.laiamugo.com\/index.php\/wp-json\/wp\/v2\/pages\/1782\/revisions\/1897"}],"wp:attachment":[{"href":"https:\/\/www.laiamugo.com\/index.php\/wp-json\/wp\/v2\/media?parent=1782"}],"curies":[{"name":"wp","href":"https:\/\/api.w.org\/{rel}","templated":true}]}}